{"id":226,"date":"2016-03-06T16:11:22","date_gmt":"2016-03-06T16:11:22","guid":{"rendered":"https:\/\/adopt-a-griffon.eu\/es\/?page_id=226"},"modified":"2016-03-06T16:14:46","modified_gmt":"2016-03-06T16:14:46","slug":"basset-azul-de-gascuna","status":"publish","type":"page","link":"https:\/\/adopt-a-griffon.eu\/es\/razas\/basset-azul-de-gascuna\/","title":{"rendered":"Basset Azul de Gascu\u00f1a"},"content":{"rendered":"<div id=\"attachment_229\" style=\"width: 304px\" class=\"wp-caption alignright\"><a href=\"https:\/\/adopt-a-griffon.eu\/es\/wp-content\/uploads\/2016\/03\/640px-Vallou.jpg\" rel=\"attachment wp-att-229\"><img loading=\"lazy\" decoding=\"async\" aria-describedby=\"caption-attachment-229\" class=\" wp-image-229\" src=\"https:\/\/adopt-a-griffon.eu\/es\/wp-content\/uploads\/2016\/03\/640px-Vallou.jpg\" alt=\"Vallou, Criador de An Naoned. Basset Azul de Gascu\u00f1a; fuente: wikimedia commons.\" width=\"298\" height=\"226\" \/><\/a><p id=\"caption-attachment-229\" class=\"wp-caption-text\">Vallou, Criador de An Naoned. Basset Azul de Gascu\u00f1a; fuente: wikimedia commons.<\/p><\/div>\n<p>Aunque no sea un grif\u00f3n, este basset hound de aspecto aristocr\u00e1tico se encuentra con bastante asiduidad en Espa\u00f1a. <strong>El Basset Azul de Gascu\u00f1a<\/strong> es del tama\u00f1o del conocido <em>Basset Hound<\/em> <em>ingl\u00e9s<\/em> as\u00ed como de los franceses <em>Artesien Normand Bassets<\/em>, pero el Azul se distingue de ellos por los colores de su manto. Es familia del <a href=\"https:\/\/adopt-a-griffon.eu\/es\/razas\/grifon-azul-de-gascuna\/\"><strong>Grif\u00f3n Azul<\/strong> <strong>de Gascu\u00f1a<\/strong><\/a>, y como estos son perros tricolor, con manchas anaranjadas en su cabeza y pies mientras que el cuerpo es negro con puntos azulados. Tambi\u00e9n es conocido con el nombre de <strong><em>Basset Bleu de Gascogne<\/em> <\/strong>y es una raza antigua que se remonta a la Edad Media, cuando apareci\u00f3 como derivado del <em>Gran Azul de Gascu\u00f1a<\/em>, posiblemente debido a una variaci\u00f3n gen\u00e9tica que tuvo como resultado sus cortas patas.<\/p>\n<p>Como todos los bassets, tiene un cuerpo alargado, largas orejas y patas cortas. El Basset Azul de Gascu\u00f1a mide unos 30 \u2013 38 cm a la cruz y normalmente su peso oscila entre los 16 \u2013 18 kg. ya que se trata de un perro de pelo corto, su pelaje no requiere ning\u00fan cuidado especial. Las orejas, eso s\u00ed, necesitan limpiezas peri\u00f3dicas.<\/p>\n<div id=\"attachment_230\" style=\"width: 486px\" class=\"wp-caption aligncenter\"><a href=\"https:\/\/adopt-a-griffon.eu\/es\/wp-content\/uploads\/2016\/03\/basset-bleu-gascogne.jpg\" rel=\"attachment wp-att-230\"><img loading=\"lazy\" decoding=\"async\" aria-describedby=\"caption-attachment-230\" class=\"size-full wp-image-230\" src=\"https:\/\/adopt-a-griffon.eu\/es\/wp-content\/uploads\/2016\/03\/basset-bleu-gascogne.jpg\" alt=\"Basset Azul de Gascu\u00f1a\" width=\"480\" height=\"320\" srcset=\"https:\/\/adopt-a-griffon.eu\/es\/wp-content\/uploads\/2016\/03\/basset-bleu-gascogne.jpg 480w, https:\/\/adopt-a-griffon.eu\/es\/wp-content\/uploads\/2016\/03\/basset-bleu-gascogne-300x200.jpg 300w\" sizes=\"auto, (max-width: 480px) 100vw, 480px\" \/><\/a><p id=\"caption-attachment-230\" class=\"wp-caption-text\">Basset Azul de Gascu\u00f1a<\/p><\/div>\n<p>El <strong>Basset Azul de Gascu\u00f1a<\/strong> es un buen perro para vivir en un piso y puede ser un verdadero comod\u00f3n y estarse todo el d\u00eda en el sof\u00e1! Pero al igual que todos los dem\u00e1s perros de rastreo, su car\u00e1cter se despierta y cambia una vez en el exterior, especialmente cuando su nariz encuentra un rastro al que seguir. Estos perros son tambi\u00e9n muy juguetones e incre\u00edblemente \u00e1giles y pueden caminar y correr durante horas sin parar. Por lo tanto, el basset necesita largos paseos, y estar en el exterior unas cuantas horas al d\u00eda. El Basset Azul es generalmente bueno con otros perros, con la gente y con los ni\u00f1os. Son cari\u00f1osos y f\u00e1cilmente adaptables como miembros de la familia.<\/p>\n<div id=\"attachment_227\" style=\"width: 394px\" class=\"wp-caption alignright\"><a href=\"https:\/\/adopt-a-griffon.eu\/es\/wp-content\/uploads\/2016\/03\/basset-griffon-bleu-casgogne.jpg\" rel=\"attachment wp-att-227\"><img loading=\"lazy\" decoding=\"async\" aria-describedby=\"caption-attachment-227\" class=\" wp-image-227\" src=\"https:\/\/adopt-a-griffon.eu\/es\/wp-content\/uploads\/2016\/03\/basset-griffon-bleu-casgogne.jpg\" alt=\"Un Azul de Gascu\u00f1a no muy habitual\" width=\"388\" height=\"293\" \/><\/a><p id=\"caption-attachment-227\" class=\"wp-caption-text\">Un Basset Grif\u00f3n Azul de Gascu\u00f1a, un cruce no muy habitual<\/p><\/div>\n<p>Tal y como se puede apreciar en esta foto que encontramos en un <a href=\"http:\/\/www.chien-courant.com\/forumfinal\/viewtopic.php?f=9&amp;t=119&amp;start=400\" target=\"_blank\">foro franc\u00e9s<\/a> sobre perros de caza, el Basset grif\u00f3n Azul de Gascu\u00f1a tambi\u00e9n existe, pero no es una raza oficialmente reconocida y probablemente sea el resultado de cruzar un Basset Azul con un Grif\u00f3n Azul de Gascu\u00f1a. Comentan que su car\u00e1cter oscila entre la amabilidad del Basset y la fiereza del Grif\u00f3n Azul. Tambi\u00e9n en Espa\u00f1a, existen algunos cruces del llamado Basset Grif\u00f3n Azul de Gascu\u00f1a.<\/p>\n","protected":false},"excerpt":{"rendered":"<p>Aunque no sea un grif\u00f3n, este basset hound de aspecto aristocr\u00e1tico se encuentra con bastante asiduidad en Espa\u00f1a. El Basset Azul de Gascu\u00f1a es del tama\u00f1o del conocido Basset Hound ingl\u00e9s as\u00ed como de los franceses Artesien Normand Bassets, pero el Azul se distingue de ellos por los colores de su manto. Es familia del&hellip;<\/p>\n","protected":false},"author":3,"featured_media":230,"parent":11,"menu_order":13,"comment_status":"closed","ping_status":"closed","template":"","meta":{"footnotes":""},"class_list":["post-226","page","type-page","status-publish","has-post-thumbnail","hentry"],"_links":{"self":[{"href":"https:\/\/adopt-a-griffon.eu\/es\/wp-json\/wp\/v2\/pages\/226","targetHints":{"allow":["GET"]}}],"collection":[{"href":"https:\/\/adopt-a-griffon.eu\/es\/wp-json\/wp\/v2\/pages"}],"about":[{"href":"https:\/\/adopt-a-griffon.eu\/es\/wp-json\/wp\/v2\/types\/page"}],"author":[{"embeddable":true,"href":"https:\/\/adopt-a-griffon.eu\/es\/wp-json\/wp\/v2\/users\/3"}],"replies":[{"embeddable":true,"href":"https:\/\/adopt-a-griffon.eu\/es\/wp-json\/wp\/v2\/comments?post=226"}],"version-history":[{"count":5,"href":"https:\/\/adopt-a-griffon.eu\/es\/wp-json\/wp\/v2\/pages\/226\/revisions"}],"predecessor-version":[{"id":235,"href":"https:\/\/adopt-a-griffon.eu\/es\/wp-json\/wp\/v2\/pages\/226\/revisions\/235"}],"up":[{"embeddable":true,"href":"https:\/\/adopt-a-griffon.eu\/es\/wp-json\/wp\/v2\/pages\/11"}],"wp:featuredmedia":[{"embeddable":true,"href":"https:\/\/adopt-a-griffon.eu\/es\/wp-json\/wp\/v2\/media\/230"}],"wp:attachment":[{"href":"https:\/\/adopt-a-griffon.eu\/es\/wp-json\/wp\/v2\/media?parent=226"}],"curies":[{"name":"wp","href":"https:\/\/api.w.org\/{rel}","templated":true}]}}