{"id":17,"date":"2015-07-29T22:55:23","date_gmt":"2015-07-29T22:55:23","guid":{"rendered":"https:\/\/adopt-a-griffon.eu\/es\/?page_id=17"},"modified":"2015-12-17T14:15:51","modified_gmt":"2015-12-17T14:15:51","slug":"grifon-astur-cantabro","status":"publish","type":"page","link":"https:\/\/adopt-a-griffon.eu\/es\/grifon-astur-cantabro\/","title":{"rendered":"Grif\u00f3n Astur-C\u00e1ntabro"},"content":{"rendered":"<div>\n<div>\n<p><strong>El Grif\u00f3n Astur-C\u00e1ntabro<\/strong> es en cierta manera una \u00abbestia m\u00edtica\u00bb , de hecho no se encuentra descripci\u00f3n alguna de \u00e9l en ning\u00fan sitio. Curiosamente est\u00e1n localizados en toda Espa\u00f1a y m\u00e1s principalmente en el noroeste. Cada cazador reconoce al instante este animal al o\u00edr hablar de \u00e9l. Todos coinciden en que estos perros son ideales para seguir el rastro del jabal\u00ed. Es cierto que no hay una descripci\u00f3n homog\u00e9nea de esta colorida raza pero todos ellos comparten unas caracter\u00edsticas comunes.<\/p>\n<p>El noroeste de Espa\u00f1a, especialmente Asturias, Cantabria y algunas partes de Galicia, donde el terreno es monta\u00f1oso, duro y de dif\u00edcil acceso, y donde el cultivo del terreno as\u00ed como la existencia de granjas, es escaso, es la regi\u00f3n donde m\u00e1s grifones pueden encontrarse. Hasta la segunda mitad del siglo XX, la zona estaba muy aislada del resto de Espa\u00f1a debido a las altas cordilleras que la envuelven, separ\u00e1ndola de la Meseta. La zona viene caracterizada por un clima suave y templado, atl\u00e1ntico, con inviernos a menudo cortos y no muy duros, comparables con los inviernos de Irlanda o de las Islas del Canal. Todo ello convierten la zona en un espacio ideal para el jabal\u00ed, cuya poblaci\u00f3n puede incrementarse a gran velocidad. Para los habitantes de la zona, la llegada de un grupo de jabal\u00edes a sus tierras supone la destrucci\u00f3n de sus cultivos para todo el a\u00f1o, y consecuentemente, supone la p\u00e9rdida del alimento para todo ese a\u00f1o, tanto para el humano como para su ganado. Es por esto que se ha buscado a lo largo de la historia la raza de perro ideal para frenar al jabal\u00ed.<\/p>\n<p>Lo que se necesitaba encontrar era un perro todo terreno, todo tiempo y para toda estaci\u00f3n. Un perro adecuado para trabajar en los \u00e1ridos campos y en clima desapacible, una raza m\u00e1s adecuada que el Sabueso Espa\u00f1ol. Cuando a finales de la d\u00e9cada de los 50 del siglo pasado la zona empez\u00f3 a estar mejor comunicada con el resto de Espa\u00f1a- y con ello, con el resto del mundo- los cazadores empezaron a importar todo tipo de grifones desde Francia, Suiza y otros pa\u00edses en su af\u00e1n de conseguir el cruce perfecto, cruzandolos con el Sabueso Espa\u00f1ol. Entre ellos hay muchos tipos y clases como por ejemplo el Azul de Gascu\u00f1a, el Leonado de Breta\u00f1a, todas las variedades del Grif\u00f3n Vendeano, Nivern\u00e9s, y tambi\u00e9n unos cuantos peque\u00f1os sabuesos de Jura suizos o el\u00a0Rauhaariger Berner Laufhund. Tambi\u00e9n ha habido algunos casos de cria de Spinone Italiano.<\/p>\n<p>El resultado es un pupurri colorido en el que se pueden observar mezclas de muchos grifones. El grif\u00f3n Astur-C\u00e1ntabro normalmente tiene una alzada hasta la cruz de 50-55 cm \u2013 lo cual es demasiado bajo para un grif\u00f3n Nivern\u00e9s y demasiado alto para un Basset Grif\u00f3n Vendeano- \u00a0A veces tienen el aspecto exterior de una raza en concreto pero el tama\u00f1o de otra. Lo que todos tienen en com\u00fan es su car\u00e1cter amable, inteligente y muy amistoso. En Espa\u00f1a aun son vistos como animales no aptos para estar en familia ya que llevan colgada la etiqueta de \u00abperros de caza\u00bb, aunque no lo sean. Son perros rastreadores y est\u00e1n acostumbradis\u00edmos a vivir en manada. Su car\u00e1cter extremadamente sociable los hace ideales para vivir en familia con ni\u00f1os y con otros animales, como conejos o gatos. No suelen tener ning\u00fan problema de convivencia.<\/p>\n<p>La sangre de sabueso que corre por sus venas les confiere un car\u00e1cter tenaz, pueden trotar detr\u00e1s de una pieza durante m\u00e1s de 5h sin parar. Su tama\u00f1o es a menudo la herencia del sabueso espa\u00f1ol, con un cuerpo ligeramente m\u00e1s largo y unas piernas algo m\u00e1s cortas. Su ladrido a menudo nos recuerda tambi\u00e9n al del sabueso. El pelo largo de la grupa hace que el grif\u00f3n Astur-C\u00e1ntabro pueda moverse f\u00e1cilmente a trav\u00e9s de los matorrales y las zarzas- y cuando el Astur-C\u00e1ntabro tenga en sus venas sangre de basset, sangrar\u00e1 con mucha menor facilidad cuando se enganche con espinas o ramas. Un buen grif\u00f3n Astur-C\u00e1ntabro seguir\u00e1 un rastro bajo cualquier circunstancia, haya nieve, en el fondo rocoso de cualquier cuenca de r\u00edo, en un bosque tupido, a trav\u00e9s de zarzas y matorrales- nada para a un Astur-C\u00e1ntabro\u2026<\/p>\n<div>\n<div id=\"attachment_75\" style=\"width: 306px\" class=\"wp-caption aligncenter\"><a href=\"https:\/\/adopt-a-griffon.eu\/es\/wp-content\/uploads\/2015\/07\/10.jpg\"><img loading=\"lazy\" decoding=\"async\" aria-describedby=\"caption-attachment-75\" class=\"size-medium wp-image-75\" src=\"https:\/\/adopt-a-griffon.eu\/es\/wp-content\/uploads\/2015\/07\/10-300x225.jpg\" alt=\"Dos 'Astur-C\u00e1ntabros\u2019 y un \u2018Sabueso\u2019 espa\u00f1ol\" width=\"300\" height=\"225\" srcset=\"https:\/\/adopt-a-griffon.eu\/es\/wp-content\/uploads\/2015\/07\/10-300x225.jpg 300w, https:\/\/adopt-a-griffon.eu\/es\/wp-content\/uploads\/2015\/07\/10.jpg 640w\" sizes=\"auto, (max-width: 300px) 100vw, 300px\" \/><\/a><p id=\"caption-attachment-75\" class=\"wp-caption-text\">Dos &#8216;Astur-C\u00e1ntabros\u2019 y un \u2018Sabueso\u2019 espa\u00f1ol<\/p><\/div>\n<p><strong>Uso del Astur-c\u00e1ntabro en la caza<\/strong><\/p>\n<\/div>\n<h4>Un solo grif\u00f3n acompa\u00f1a al cazador atado con una larga cuerda cuando inician el rastreo. \u00c9ste le llevar\u00e1 hasta donde haya un grupo de jabal\u00edes durmiendo. Una vez lo encuentran, vuelven a por los otros perros los cuales seguir\u00e1n el mismo camino y har\u00e1n salir despavoridos a los jabal\u00edes. Normalmente el Astur-C\u00e1ntabro esta familiarizado con el jabal\u00ed desde una temprana edad y su adiestramiento para seguir el rastro empieza en sus primeros meses de vida, momento en el que tambi\u00e9n aprenden a discernir que rastros seguir y cuales no. A menudo est\u00e1n plenamente capacitados para seguir rastros a la edad de 6\/8 meses y ya podr\u00e1n rastrear y cazar solos o en peque\u00f1a manada.<\/h4>\n<p>Un grif\u00f3n Astur-C\u00e1ntabro que haya sido entrenado para hacer este trabajo, aprende que se le est\u00e1 totalmente permitido tirar de la correa.. Tambi\u00e9n aprenden que lo \u00fanico que deben seguir es el rastro del jabal\u00ed. Naturalmente no todos los grifones son igualmente aptos para este trabajo, por lo que muchos son abandonados o son encontrados vagando despu\u00e9s de haber sido desechados&#8230; Algunas veces ocurre tambi\u00e9n que simplemente no vuelven al due\u00f1o al finalizar la caza, lo cual demuestra que no sirven para el trabajo y el due\u00f1o no se molesta en buscarlos ni en pagar lo que cuesta sacarlos de una perrera si van a parar all\u00ed.<\/p>\n<p>Una vez en la perrera o refugio, estos animales pasaran ah\u00ed probablemente el resto de sus d\u00edas, o son eutanasiados ya que tienen muy pocas probabilidades de salir adoptados. Es por este motivo que los grifones en general no son una raza muy conocida entre la poblaci\u00f3n que no se dedica a la caza. En Espa\u00f1a especialmente, son considerados una raza de caza y poco m\u00e1s. Mucha gente cree que no son v\u00e1lidos como compa\u00f1eros en familia- aunque la verdad sea todo lo contrario, tal y como hemos comprobado por experiencias propias y tal y como la gente empieza a comprender, aunque de manera muy lenta.<\/p>\n<div id=\"attachment_79\" style=\"width: 306px\" class=\"wp-caption aligncenter\"><a href=\"https:\/\/adopt-a-griffon.eu\/es\/wp-content\/uploads\/2015\/07\/briquet-griffon-vendeen-pups.jpg\"><img loading=\"lazy\" decoding=\"async\" aria-describedby=\"caption-attachment-79\" class=\"wp-image-79 size-medium\" src=\"https:\/\/adopt-a-griffon.eu\/es\/wp-content\/uploads\/2015\/07\/briquet-griffon-vendeen-pups-300x203.jpg\" alt=\"Dos m\u00edticos Astur-c\u00e1ntabros\" width=\"300\" height=\"203\" srcset=\"https:\/\/adopt-a-griffon.eu\/es\/wp-content\/uploads\/2015\/07\/briquet-griffon-vendeen-pups-300x203.jpg 300w, https:\/\/adopt-a-griffon.eu\/es\/wp-content\/uploads\/2015\/07\/briquet-griffon-vendeen-pups.jpg 450w\" sizes=\"auto, (max-width: 300px) 100vw, 300px\" \/><\/a><p id=\"caption-attachment-79\" class=\"wp-caption-text\">Dos m\u00edticos Astur-c\u00e1ntabros<\/p><\/div>\n<h4><strong>Hay una serie de cosas sin embargo que necesitan tenerse en cuenta al hablar de estos perros<\/strong><\/h4>\n<p>En primer lugar, muchos grifones desean tener compa\u00f1\u00eda, siempre. Ya sea humana, de otro perro, o de cualquier otro animal! Normalmente no llevan bien lo de estar solos (aunque siempre hay excepciones). Esto se debe a que son sabuesos en el sentido mas exacto de la palabra, y por tanto, gregarios. Los sabuesos siempre han vivido en peque\u00f1os grupos, durante toda su historia- la cual se remonta a unos 6mil a\u00f1os. No estan acostumbrados a estar solos, especialmente si han crecido con un cazador y no en una familia donde son entrenados desde muy jovencitos. Su grif\u00f3n puede ser\u00a0\u00a0el primero de una larga lista en embarcarse \u00a0en una exitosa aventura como perro de familia, en lugar de ser un perro de caza. Si se deja solo en casa largo tiempo, pueden ladrar fuertemente o rebajar su aburrimiento y frustraci\u00f3n pag\u00e1ndolo con los cojines, zapatos u otros objetos de la casa. Esto se etiqueta bajo el nombre de \u00abansiedad por separaci\u00f3n\u00bb y en la mayor\u00eda de los casos es f\u00e1cilmente solucionable encontr\u00e1ndole un compa\u00f1ero. Tambi\u00e9n es necesario por supuesto educarlo desde los primeros momentos en casa.<\/p>\n<p>Al haber sido entrenados como perros de caza desde muy temprana edad, verse con la correa puesta significar\u00e1 para \u00e9l tener que liderar el paseo. Pueden ser grandes \u00abtiradores\u00bb de la correa. Si a\u00f1adimos a esto su potente nariz, uno tiene que prepararse para unos paseos zigzagueantes. Algunos habr\u00e1n aprendido a caminar correctamente con la correa mientras han estado en el refugio, pero con muchos otros se necesitar\u00e1 un poco de educaci\u00f3n y entrenamiento para ense\u00f1arles a no tirar. Y se puede conseguir! Lo \u00fanico que se necesita es entrenamiento y tiempo.<\/p>\n<p>Una tercera cosa a tener en cuenta es que estos perros tienen una potente nariz, y no s\u00f3lo eso, son una nariz con patas! Toda su constituci\u00f3n, su gran nariz, sus largas orejas, sus ojos ca\u00eddos, su papada, sus grandes cabezas: todo ello son caracter\u00edsticas que contribuyen a sus extraordinarias capacidades olfativas. Cuando est\u00e1n sin correa, suelen seguir su nariz y los rastros que \u00e9sta localiza. Hay que entrenarlos para acudir a la llamada, ense\u00f1arles que la manada debe ser su prioridad as\u00ed nunca perder\u00e1n de vista al due\u00f1o, llevarlos tambi\u00e9n a un curso de rastreo donde el humano aprender\u00e1 a tratar este aspecto de su perro. Tambi\u00e9n es bueno familiarizarlos con el m\u00e1ximo posible de animales. Una vez que vean a los dem\u00e1s animales como algo normal en el mundo que los rodea, la necesidad de rastrearlos normalmente desaparece.<\/p>\n<p>Una buena cosa es que probablemente estos perros ya vienen entrenados para rastrear solamente los jabal\u00edes y ense\u00f1ados por tanto a no hacer caso a ning\u00fan otro animal. Por otra parte, un grif\u00f3n Astur-C\u00e1ntabro que acaba en un refugio, normalmente se debe a que no es bueno rastreando. Tambi\u00e9n puede ser que lo abandonaran por no seguir los rastros correctos, pero m\u00e1s a menudo son perros no interesados en la caza. A\u00fan con todo, son perros a los que les gustar\u00e1 usar su nariz para jugar aunque sea. Les encanta que les escondan comida o su juguete preferido y ellos tener que buscarlo!<\/p>\n<div id=\"attachment_78\" style=\"width: 306px\" class=\"wp-caption aligncenter\"><a href=\"https:\/\/adopt-a-griffon.eu\/es\/wp-content\/uploads\/2015\/07\/griffindor.jpg\"><img loading=\"lazy\" decoding=\"async\" aria-describedby=\"caption-attachment-78\" class=\"size-medium wp-image-78\" src=\"https:\/\/adopt-a-griffon.eu\/es\/wp-content\/uploads\/2015\/07\/griffindor-300x180.jpg\" alt=\"Los grifones en refugios esperan a\u00f1os a su adopci\u00f3n, que a menudo nunca llega\" width=\"300\" height=\"180\" srcset=\"https:\/\/adopt-a-griffon.eu\/es\/wp-content\/uploads\/2015\/07\/griffindor-300x180.jpg 300w, https:\/\/adopt-a-griffon.eu\/es\/wp-content\/uploads\/2015\/07\/griffindor.jpg 500w\" sizes=\"auto, (max-width: 300px) 100vw, 300px\" \/><\/a><p id=\"caption-attachment-78\" class=\"wp-caption-text\">Los grifones en refugios esperan a\u00f1os a su adopci\u00f3n, que a menudo nunca llega<\/p><\/div>\n<p>Los grifones espa\u00f1oles, especialmente el Astur-C\u00e1ntabro, son todav\u00eda hoy d\u00eda un grupo de perros totalmente olvidados, para los cuales no hay grupos de rescate ni organizaciones espec\u00edficas. Por lo tanto, queremos y consideramos que debemos promocionar y hacer visibles estos peludos, amables y maravillosos perros. Tambi\u00e9n queremos proporcionar la m\u00e1xima informaci\u00f3n sobre ellos para darlos a conocer a cuanta m\u00e1s gente mejor, lo cual pensamos que puede resultar en m\u00e1s adopciones. En esta p\u00e1gina presentamos grifones que necesitan adopci\u00f3n y naturalmente queremos ofrecer nuestra ayuda para mediar en el proceso.<\/p>\n<div><\/div>\n<\/div>\n<\/div>\n","protected":false},"excerpt":{"rendered":"<p>El Grif\u00f3n Astur-C\u00e1ntabro es en cierta manera una \u00abbestia m\u00edtica\u00bb , de hecho no se encuentra descripci\u00f3n alguna de \u00e9l en ning\u00fan sitio. Curiosamente est\u00e1n localizados en toda Espa\u00f1a y m\u00e1s principalmente en el noroeste. Cada cazador reconoce al instante este animal al o\u00edr hablar de \u00e9l. Todos coinciden en que estos perros son ideales&hellip;<\/p>\n","protected":false},"author":1,"featured_media":75,"parent":0,"menu_order":7,"comment_status":"closed","ping_status":"closed","template":"","meta":{"footnotes":""},"class_list":["post-17","page","type-page","status-publish","has-post-thumbnail","hentry"],"_links":{"self":[{"href":"https:\/\/adopt-a-griffon.eu\/es\/wp-json\/wp\/v2\/pages\/17","targetHints":{"allow":["GET"]}}],"collection":[{"href":"https:\/\/adopt-a-griffon.eu\/es\/wp-json\/wp\/v2\/pages"}],"about":[{"href":"https:\/\/adopt-a-griffon.eu\/es\/wp-json\/wp\/v2\/types\/page"}],"author":[{"embeddable":true,"href":"https:\/\/adopt-a-griffon.eu\/es\/wp-json\/wp\/v2\/users\/1"}],"replies":[{"embeddable":true,"href":"https:\/\/adopt-a-griffon.eu\/es\/wp-json\/wp\/v2\/comments?post=17"}],"version-history":[{"count":3,"href":"https:\/\/adopt-a-griffon.eu\/es\/wp-json\/wp\/v2\/pages\/17\/revisions"}],"predecessor-version":[{"id":81,"href":"https:\/\/adopt-a-griffon.eu\/es\/wp-json\/wp\/v2\/pages\/17\/revisions\/81"}],"wp:featuredmedia":[{"embeddable":true,"href":"https:\/\/adopt-a-griffon.eu\/es\/wp-json\/wp\/v2\/media\/75"}],"wp:attachment":[{"href":"https:\/\/adopt-a-griffon.eu\/es\/wp-json\/wp\/v2\/media?parent=17"}],"curies":[{"name":"wp","href":"https:\/\/api.w.org\/{rel}","templated":true}]}}