{"id":165,"date":"2016-01-31T01:00:42","date_gmt":"2016-01-31T01:00:42","guid":{"rendered":"https:\/\/adopt-a-griffon.eu\/es\/?page_id=165"},"modified":"2016-01-31T01:00:42","modified_gmt":"2016-01-31T01:00:42","slug":"sabueso-espanol","status":"publish","type":"page","link":"https:\/\/adopt-a-griffon.eu\/es\/razas\/sabueso-espanol\/","title":{"rendered":"Sabueso Espa\u00f1ol"},"content":{"rendered":"<p>Es sabueso espa\u00f1ol es una de las razas de rastreadores m\u00e1s antigua.<\/p>\n<div id=\"attachment_168\" style=\"width: 327px\" class=\"wp-caption aligncenter\"><a href=\"https:\/\/adopt-a-griffon.eu\/es\/wp-content\/uploads\/2016\/01\/sabueso-espanol.jpg\" rel=\"attachment wp-att-168\"><img loading=\"lazy\" decoding=\"async\" aria-describedby=\"caption-attachment-168\" class=\"size-full wp-image-168\" src=\"https:\/\/adopt-a-griffon.eu\/es\/wp-content\/uploads\/2016\/01\/sabueso-espanol.jpg\" alt=\"Sabueso Espa\u00f1ol\" width=\"321\" height=\"171\" srcset=\"https:\/\/adopt-a-griffon.eu\/es\/wp-content\/uploads\/2016\/01\/sabueso-espanol.jpg 321w, https:\/\/adopt-a-griffon.eu\/es\/wp-content\/uploads\/2016\/01\/sabueso-espanol-300x160.jpg 300w\" sizes=\"auto, (max-width: 321px) 100vw, 321px\" \/><\/a><p id=\"caption-attachment-168\" class=\"wp-caption-text\">Sabueso Espa\u00f1ol<\/p><\/div>\n<div id=\"attachment_169\" style=\"width: 611px\" class=\"wp-caption aligncenter\"><a href=\"https:\/\/adopt-a-griffon.eu\/es\/wp-content\/uploads\/2016\/01\/sabuesos.jpg\" rel=\"attachment wp-att-169\"><img loading=\"lazy\" decoding=\"async\" aria-describedby=\"caption-attachment-169\" class=\"size-full wp-image-169\" src=\"https:\/\/adopt-a-griffon.eu\/es\/wp-content\/uploads\/2016\/01\/sabuesos.jpg\" alt=\"Sabuesos\" width=\"605\" height=\"480\" srcset=\"https:\/\/adopt-a-griffon.eu\/es\/wp-content\/uploads\/2016\/01\/sabuesos.jpg 605w, https:\/\/adopt-a-griffon.eu\/es\/wp-content\/uploads\/2016\/01\/sabuesos-300x238.jpg 300w\" sizes=\"auto, (max-width: 605px) 100vw, 605px\" \/><\/a><p id=\"caption-attachment-169\" class=\"wp-caption-text\">Sabuesos<\/p><\/div>\n<p>&nbsp;<\/p>\n<p>&nbsp;<\/p>\n","protected":false},"excerpt":{"rendered":"<p>Es sabueso espa\u00f1ol es una de las razas de rastreadores m\u00e1s antigua. &nbsp; &nbsp;<\/p>\n","protected":false},"author":3,"featured_media":167,"parent":11,"menu_order":10,"comment_status":"closed","ping_status":"closed","template":"","meta":{"footnotes":""},"class_list":["post-165","page","type-page","status-publish","has-post-thumbnail","hentry"],"_links":{"self":[{"href":"https:\/\/adopt-a-griffon.eu\/es\/wp-json\/wp\/v2\/pages\/165","targetHints":{"allow":["GET"]}}],"collection":[{"href":"https:\/\/adopt-a-griffon.eu\/es\/wp-json\/wp\/v2\/pages"}],"about":[{"href":"https:\/\/adopt-a-griffon.eu\/es\/wp-json\/wp\/v2\/types\/page"}],"author":[{"embeddable":true,"href":"https:\/\/adopt-a-griffon.eu\/es\/wp-json\/wp\/v2\/users\/3"}],"replies":[{"embeddable":true,"href":"https:\/\/adopt-a-griffon.eu\/es\/wp-json\/wp\/v2\/comments?post=165"}],"version-history":[{"count":1,"href":"https:\/\/adopt-a-griffon.eu\/es\/wp-json\/wp\/v2\/pages\/165\/revisions"}],"predecessor-version":[{"id":170,"href":"https:\/\/adopt-a-griffon.eu\/es\/wp-json\/wp\/v2\/pages\/165\/revisions\/170"}],"up":[{"embeddable":true,"href":"https:\/\/adopt-a-griffon.eu\/es\/wp-json\/wp\/v2\/pages\/11"}],"wp:featuredmedia":[{"embeddable":true,"href":"https:\/\/adopt-a-griffon.eu\/es\/wp-json\/wp\/v2\/media\/167"}],"wp:attachment":[{"href":"https:\/\/adopt-a-griffon.eu\/es\/wp-json\/wp\/v2\/media?parent=165"}],"curies":[{"name":"wp","href":"https:\/\/api.w.org\/{rel}","templated":true}]}}