{"id":112,"date":"2016-01-28T17:11:29","date_gmt":"2016-01-28T17:11:29","guid":{"rendered":"https:\/\/adopt-a-griffon.eu\/es\/?page_id=112"},"modified":"2016-01-28T17:18:26","modified_gmt":"2016-01-28T17:18:26","slug":"gran-grifon-vendeano","status":"publish","type":"page","link":"https:\/\/adopt-a-griffon.eu\/es\/razas\/gran-grifon-vendeano\/","title":{"rendered":"Gran grif\u00f3n vendeano"},"content":{"rendered":"<p>El gran grif\u00f3n vendeano es el m\u00e1s largo miembro de la familia de vendeanos.<\/p>\n<div id=\"attachment_114\" style=\"width: 454px\" class=\"wp-caption aligncenter\"><a href=\"https:\/\/adopt-a-griffon.eu\/es\/wp-content\/uploads\/2016\/01\/grand-grif-vend.jpg\" rel=\"attachment wp-att-114\"><img loading=\"lazy\" decoding=\"async\" aria-describedby=\"caption-attachment-114\" class=\"wp-image-114 size-full\" src=\"https:\/\/adopt-a-griffon.eu\/es\/wp-content\/uploads\/2016\/01\/grand-grif-vend.jpg\" alt=\"grand-grif-vend\" width=\"448\" height=\"336\" srcset=\"https:\/\/adopt-a-griffon.eu\/es\/wp-content\/uploads\/2016\/01\/grand-grif-vend.jpg 448w, https:\/\/adopt-a-griffon.eu\/es\/wp-content\/uploads\/2016\/01\/grand-grif-vend-300x225.jpg 300w\" sizes=\"auto, (max-width: 448px) 100vw, 448px\" \/><\/a><p id=\"caption-attachment-114\" class=\"wp-caption-text\">Gran grif\u00f3n vendeano<\/p><\/div>\n","protected":false},"excerpt":{"rendered":"<p>El gran grif\u00f3n vendeano es el m\u00e1s largo miembro de la familia de vendeanos.<\/p>\n","protected":false},"author":3,"featured_media":113,"parent":11,"menu_order":4,"comment_status":"closed","ping_status":"closed","template":"","meta":{"footnotes":""},"class_list":["post-112","page","type-page","status-publish","has-post-thumbnail","hentry"],"_links":{"self":[{"href":"https:\/\/adopt-a-griffon.eu\/es\/wp-json\/wp\/v2\/pages\/112","targetHints":{"allow":["GET"]}}],"collection":[{"href":"https:\/\/adopt-a-griffon.eu\/es\/wp-json\/wp\/v2\/pages"}],"about":[{"href":"https:\/\/adopt-a-griffon.eu\/es\/wp-json\/wp\/v2\/types\/page"}],"author":[{"embeddable":true,"href":"https:\/\/adopt-a-griffon.eu\/es\/wp-json\/wp\/v2\/users\/3"}],"replies":[{"embeddable":true,"href":"https:\/\/adopt-a-griffon.eu\/es\/wp-json\/wp\/v2\/comments?post=112"}],"version-history":[{"count":1,"href":"https:\/\/adopt-a-griffon.eu\/es\/wp-json\/wp\/v2\/pages\/112\/revisions"}],"predecessor-version":[{"id":115,"href":"https:\/\/adopt-a-griffon.eu\/es\/wp-json\/wp\/v2\/pages\/112\/revisions\/115"}],"up":[{"embeddable":true,"href":"https:\/\/adopt-a-griffon.eu\/es\/wp-json\/wp\/v2\/pages\/11"}],"wp:featuredmedia":[{"embeddable":true,"href":"https:\/\/adopt-a-griffon.eu\/es\/wp-json\/wp\/v2\/media\/113"}],"wp:attachment":[{"href":"https:\/\/adopt-a-griffon.eu\/es\/wp-json\/wp\/v2\/media?parent=112"}],"curies":[{"name":"wp","href":"https:\/\/api.w.org\/{rel}","templated":true}]}}